{"id":91,"date":"2022-02-10T05:53:49","date_gmt":"2022-02-10T10:53:49","guid":{"rendered":"https:\/\/www.restauranteelboliche.com\/restaurantes\/?page_id=91"},"modified":"2024-01-08T08:56:18","modified_gmt":"2024-01-08T13:56:18","slug":"boliche-menu","status":"publish","type":"page","link":"https:\/\/www.restauranteelboliche.com\/restaurantes\/boliche-menu\/","title":{"rendered":"Boliche Men\u00fa"},"content":{"rendered":"<p>[et_pb_section fb_built=\u00bb1&#8243; admin_label=\u00bbHeader\u00bb _builder_version=\u00bb4.6.3&#8243; _module_preset=\u00bbdefault\u00bb background_image=\u00bbhttps:\/\/www.restauranteelboliche.com\/restaurantes\/wp-content\/uploads\/2022\/02\/pasta_28.jpg\u00bb custom_padding=\u00bb||147px||false|false\u00bb locked=\u00bboff\u00bb global_colors_info=\u00bb{}\u00bb][et_pb_row _builder_version=\u00bb4.6.2&#8243; _module_preset=\u00bbdefault\u00bb custom_margin=\u00bb44px|auto||auto||\u00bb global_colors_info=\u00bb{}\u00bb][et_pb_column type=\u00bb4_4&#8243; _builder_version=\u00bb4.6.2&#8243; _module_preset=\u00bbdefault\u00bb global_colors_info=\u00bb{}\u00bb][et_pb_text _builder_version=\u00bb4.14.7&#8243; _module_preset=\u00bbdefault\u00bb text_font=\u00bbAlex Brush|800|||||||\u00bb text_text_color=\u00bb#E02B20&#8243; text_font_size=\u00bb71px\u00bb text_line_height=\u00bb1.5em\u00bb header_2_font=\u00bbMontserrat|700||on|||||\u00bb header_2_font_size=\u00bb35px\u00bb header_2_letter_spacing=\u00bb0.1em\u00bb header_2_line_height=\u00bb1.5em\u00bb text_orientation=\u00bbright\u00bb background_layout=\u00bbdark\u00bb header_2_font_size_tablet=\u00bb18px\u00bb header_2_font_size_phone=\u00bb16px\u00bb header_2_font_size_last_edited=\u00bbon|desktop\u00bb locked=\u00bboff\u00bb global_colors_info=\u00bb{}\u00bb]<\/p>\n<p class=\"ekit-heading--;\"><span>Boliche Men\u00fa<\/span><\/p>\n<div class=\"ekit-heading__description\"><\/div>\n<p>[\/et_pb_text][\/et_pb_column][\/et_pb_row][\/et_pb_section][et_pb_section fb_built=\u00bb1&#8243; admin_label=\u00bbCall to Action\u00bb _builder_version=\u00bb4.14.7&#8243; _module_preset=\u00bbdefault\u00bb background_image=\u00bbhttps:\/\/www.restauranteelboliche.com\/restaurantes\/wp-content\/uploads\/2022\/02\/lightpaperfibers.png\u00bb custom_padding=\u00bb0px||0px|||\u00bb global_colors_info=\u00bb{}\u00bb][et_pb_row column_structure=\u00bb1_5,1_5,3_5&#8243; use_custom_gutter=\u00bbon\u00bb gutter_width=\u00bb1&#8243; make_equal=\u00bbon\u00bb _builder_version=\u00bb4.6.3&#8243; _module_preset=\u00bbdefault\u00bb custom_padding=\u00bb0px||0px|||\u00bb global_colors_info=\u00bb{}\u00bb][et_pb_column type=\u00bb1_5&#8243; _builder_version=\u00bb4.6.3&#8243; _module_preset=\u00bbdefault\u00bb global_colors_info=\u00bb{}\u00bb][et_pb_image src=\u00bbhttps:\/\/www.restauranteelboliche.com\/restaurantes\/wp-content\/uploads\/2022\/02\/pasta_39.jpg\u00bb title_text=\u00bbpasta_39&#8243; _builder_version=\u00bb4.14.7&#8243; _module_preset=\u00bbdefault\u00bb global_colors_info=\u00bb{}\u00bb][\/et_pb_image][\/et_pb_column][et_pb_column type=\u00bb1_5&#8243; _builder_version=\u00bb4.6.3&#8243; _module_preset=\u00bbdefault\u00bb global_colors_info=\u00bb{}\u00bb][et_pb_image src=\u00bbhttps:\/\/www.restauranteelboliche.com\/restaurantes\/wp-content\/uploads\/2022\/02\/pasta_40.jpg\u00bb title_text=\u00bbpasta_40&#8243; _builder_version=\u00bb4.14.7&#8243; _module_preset=\u00bbdefault\u00bb locked=\u00bboff\u00bb global_colors_info=\u00bb{}\u00bb][\/et_pb_image][\/et_pb_column][et_pb_column type=\u00bb3_5&#8243; _builder_version=\u00bb4.6.3&#8243; _module_preset=\u00bbdefault\u00bb background_color=\u00bb#000000&#8243; global_colors_info=\u00bb{}\u00bb][\/et_pb_column][\/et_pb_row][et_pb_row column_structure=\u00bb1_2,1_2&#8243; use_custom_gutter=\u00bbon\u00bb gutter_width=\u00bb1&#8243; _builder_version=\u00bb4.14.7&#8243; _module_preset=\u00bbdefault\u00bb background_enable_color=\u00bboff\u00bb custom_padding=\u00bb0px||0px|||\u00bb global_colors_info=\u00bb{}\u00bb][et_pb_column type=\u00bb1_2&#8243; _builder_version=\u00bb4.6.5&#8243; _module_preset=\u00bbdefault\u00bb background_enable_image=\u00bboff\u00bb global_colors_info=\u00bb{}\u00bb][et_pb_image src=\u00bbhttps:\/\/www.restauranteelboliche.com\/restaurantes\/wp-content\/uploads\/2022\/02\/pasta_30-min.jpg\u00bb title_text=\u00bbpasta_30-min\u00bb _builder_version=\u00bb4.14.7&#8243; _module_preset=\u00bbdefault\u00bb global_colors_info=\u00bb{}\u00bb][\/et_pb_image][\/et_pb_column][et_pb_column type=\u00bb1_2&#8243; _builder_version=\u00bb4.14.7&#8243; _module_preset=\u00bbdefault\u00bb background_color=\u00bbRGBA(255,255,255,0)\u00bb custom_padding=\u00bb40px|40px||40px|false|true\u00bb custom_padding_tablet=\u00bb|30px||30px|false|true\u00bb custom_padding_phone=\u00bb40px|20px||20px|false|true\u00bb custom_padding_last_edited=\u00bbon|tablet\u00bb global_colors_info=\u00bb{}\u00bb][et_pb_text _builder_version=\u00bb4.14.7&#8243; _module_preset=\u00bbdefault\u00bb text_font=\u00bbAlex Brush|800|||||||\u00bb text_text_color=\u00bb#E02B20&#8243; text_font_size=\u00bb55px\u00bb header_2_font=\u00bbMontserrat|700||on|||||\u00bb header_2_font_size=\u00bb35px\u00bb header_2_letter_spacing=\u00bb0.1em\u00bb header_2_line_height=\u00bb1.5em\u00bb text_orientation=\u00bbcenter\u00bb background_layout=\u00bbdark\u00bb custom_margin=\u00bb||30px|||\u00bb custom_padding=\u00bb28px|||||\u00bb header_2_font_size_tablet=\u00bb18px\u00bb header_2_font_size_phone=\u00bb16px\u00bb header_2_font_size_last_edited=\u00bbon|desktop\u00bb locked=\u00bboff\u00bb global_colors_info=\u00bb{}\u00bb]<\/p>\n<p class=\"ekit-heading--title elementskit-section-title \"><span>Conoce nuestro <span style=\"color: #000000;\">men\u00fa<\/span><\/span><span><\/span><\/p>\n<div class=\"ekit-heading__description\"><\/div>\n<p>[\/et_pb_text][et_pb_text _builder_version=\u00bb4.14.7&#8243; _module_preset=\u00bbdefault\u00bb text_font_size=\u00bb16px\u00bb text_line_height=\u00bb2em\u00bb header_2_font=\u00bbCovered By Your Grace||||||||\u00bb header_2_font_size=\u00bb60px\u00bb header_2_letter_spacing=\u00bb4px\u00bb header_2_line_height=\u00bb1.2em\u00bb background_layout=\u00bbdark\u00bb custom_margin=\u00bb||-51px|||\u00bb custom_padding=\u00bb24px||5px|||\u00bb custom_padding_tablet=\u00bb50px||0px|0px|false|false\u00bb custom_padding_phone=\u00bb30px||||false|false\u00bb custom_padding_last_edited=\u00bboff|desktop\u00bb text_font_size_tablet=\u00bb14px\u00bb text_font_size_phone=\u00bb\u00bb text_font_size_last_edited=\u00bbon|tablet\u00bb header_2_font_size_tablet=\u00bb40px\u00bb header_2_font_size_phone=\u00bb30px\u00bb header_2_font_size_last_edited=\u00bbon|phone\u00bb locked=\u00bboff\u00bb global_colors_info=\u00bb{}\u00bb][\/et_pb_text][et_pb_button button_url=\u00bbhttps:\/\/www.restauranteelboliche.com\/restaurantes\/wp-content\/uploads\/2024\/01\/menu_2024.pdf\u00bb url_new_window=\u00bbon\u00bb button_text=\u00bbAQU\u00cd\u00bb button_alignment=\u00bbcenter\u00bb _builder_version=\u00bb4.14.7&#8243; _module_preset=\u00bbdefault\u00bb custom_button=\u00bbon\u00bb button_text_color=\u00bb#FFFFFF\u00bb button_bg_color=\u00bb#E02B20&#8243; button_border_color=\u00bbRGBA(255,255,255,0)\u00bb button_icon=\u00bb&#x3d;||divi||400&#8243; button_on_hover=\u00bboff\u00bb hover_enabled=\u00bb0&#8243; global_colors_info=\u00bb{}\u00bb sticky_enabled=\u00bb0&#8243;][\/et_pb_button][et_pb_button button_alignment=\u00bbleft\u00bb _builder_version=\u00bb4.14.7&#8243; _module_preset=\u00bbdefault\u00bb custom_button=\u00bbon\u00bb button_text_size=\u00bb12px\u00bb button_text_color=\u00bb#000000&#8243; button_bg_color=\u00bb#ffffff\u00bb button_border_width=\u00bb0px\u00bb button_border_radius=\u00bb0px\u00bb button_letter_spacing=\u00bb4px\u00bb button_font=\u00bb|700||on|||||\u00bb custom_margin=\u00bb66px|||-40px|false|false\u00bb custom_margin_tablet=\u00bb|||-30px|false|false\u00bb custom_margin_phone=\u00bb|||-20px|false|false\u00bb custom_margin_last_edited=\u00bbon|phone\u00bb custom_padding=\u00bb40px|40px|40px|40px|true|true\u00bb locked=\u00bboff\u00bb global_colors_info=\u00bb{}\u00bb][\/et_pb_button][et_pb_text _builder_version=\u00bb4.14.7&#8243; _module_preset=\u00bbdefault\u00bb text_font_size=\u00bb16px\u00bb global_colors_info=\u00bb{}\u00bb]<\/p>\n<p><strong>NOSOTROS<\/strong><\/p>\n<p>Restaurante El Boliche (Quinta Camacho)<\/p>\n<p>Las mejores milanesas, pastas y salsas artesanales de la ciudad. Estamos ubicados en el tradicional barrio Quinta Camacho en Bogot\u00e1 con m\u00e1s de 25 a\u00f1os de experiencia.<\/p>\n<p>[\/et_pb_text][\/et_pb_column][\/et_pb_row][\/et_pb_section]<\/p>\n","protected":false},"excerpt":{"rendered":"<p>Boliche Men\u00fa Conoce nuestro men\u00fa NOSOTROS Restaurante El Boliche (Quinta Camacho) Las mejores milanesas, pastas y salsas artesanales de la ciudad. Estamos ubicados en el tradicional barrio Quinta Camacho en Bogot\u00e1 con m\u00e1s de 25 a\u00f1os de experiencia.<\/p>\n","protected":false},"author":1,"featured_media":0,"parent":0,"menu_order":0,"comment_status":"closed","ping_status":"closed","template":"","meta":{"_et_pb_use_builder":"on","_et_pb_old_content":"","_et_gb_content_width":"","footnotes":""},"class_list":["post-91","page","type-page","status-publish","hentry"],"_links":{"self":[{"href":"https:\/\/www.restauranteelboliche.com\/restaurantes\/wp-json\/wp\/v2\/pages\/91","targetHints":{"allow":["GET"]}}],"collection":[{"href":"https:\/\/www.restauranteelboliche.com\/restaurantes\/wp-json\/wp\/v2\/pages"}],"about":[{"href":"https:\/\/www.restauranteelboliche.com\/restaurantes\/wp-json\/wp\/v2\/types\/page"}],"author":[{"embeddable":true,"href":"https:\/\/www.restauranteelboliche.com\/restaurantes\/wp-json\/wp\/v2\/users\/1"}],"replies":[{"embeddable":true,"href":"https:\/\/www.restauranteelboliche.com\/restaurantes\/wp-json\/wp\/v2\/comments?post=91"}],"version-history":[{"count":6,"href":"https:\/\/www.restauranteelboliche.com\/restaurantes\/wp-json\/wp\/v2\/pages\/91\/revisions"}],"predecessor-version":[{"id":4532,"href":"https:\/\/www.restauranteelboliche.com\/restaurantes\/wp-json\/wp\/v2\/pages\/91\/revisions\/4532"}],"wp:attachment":[{"href":"https:\/\/www.restauranteelboliche.com\/restaurantes\/wp-json\/wp\/v2\/media?parent=91"}],"curies":[{"name":"wp","href":"https:\/\/api.w.org\/{rel}","templated":true}]}}