{"id":126,"date":"2022-02-10T11:07:12","date_gmt":"2022-02-10T16:07:12","guid":{"rendered":"https:\/\/www.restauranteelboliche.com\/restaurantes\/?page_id=126"},"modified":"2022-02-14T10:12:03","modified_gmt":"2022-02-14T15:12:03","slug":"contacto","status":"publish","type":"page","link":"https:\/\/www.restauranteelboliche.com\/restaurantes\/contacto\/","title":{"rendered":"Contacto"},"content":{"rendered":"<p>[et_pb_section fb_built=\u00bb1&#8243; admin_label=\u00bbHeader\u00bb _builder_version=\u00bb4.14.7&#8243; _module_preset=\u00bbdefault\u00bb background_image=\u00bbhttps:\/\/www.restauranteelboliche.com\/restaurantes\/wp-content\/uploads\/2022\/02\/contacto-min.jpg\u00bb background_size=\u00bbinitial\u00bb background_position=\u00bbcenter_left\u00bb custom_padding=\u00bb12px||0px|||\u00bb global_colors_info=\u00bb{}\u00bb][et_pb_row _builder_version=\u00bb4.6.2&#8243; _module_preset=\u00bbdefault\u00bb custom_margin=\u00bb-26px|auto||auto||\u00bb global_colors_info=\u00bb{}\u00bb][et_pb_column type=\u00bb4_4&#8243; _builder_version=\u00bb4.6.2&#8243; _module_preset=\u00bbdefault\u00bb global_colors_info=\u00bb{}\u00bb][et_pb_image src=\u00bbhttps:\/\/www.restauranteelboliche.com\/restaurantes\/wp-content\/uploads\/2022\/02\/logo2-01-2.png\u00bb title_text=\u00bblogo2-01&#8243; _builder_version=\u00bb4.14.7&#8243; _module_preset=\u00bbdefault\u00bb width=\u00bb49%\u00bb global_colors_info=\u00bb{}\u00bb][\/et_pb_image][et_pb_text _builder_version=\u00bb4.14.7&#8243; _module_preset=\u00bbdefault\u00bb text_font=\u00bbAlex Brush||||||||\u00bb header_font=\u00bbAlex Brush||||||||\u00bb header_text_color=\u00bb#E02B20&#8243; header_font_size=\u00bb108px\u00bb header_letter_spacing=\u00bb5px\u00bb header_line_height=\u00bb0.8em\u00bb max_width=\u00bb520px\u00bb hover_enabled=\u00bb0&#8243; header_font_size_tablet=\u00bb60px\u00bb header_font_size_phone=\u00bb40px\u00bb header_font_size_last_edited=\u00bbon|phone\u00bb header_text_shadow_style=\u00bbpreset2&#8243; header_text_shadow_horizontal_length=\u00bb0.03em\u00bb header_text_shadow_vertical_length=\u00bb-0.02em\u00bb header_text_shadow_blur_strength=\u00bb0.05em\u00bb header_text_shadow_color=\u00bb#000000&#8243; global_colors_info=\u00bb{}\u00bb sticky_enabled=\u00bb0&#8243;]<\/p>\n<h1>Cont\u00e1ctenos<\/h1>\n<p>[\/et_pb_text][\/et_pb_column][\/et_pb_row][et_pb_row column_structure=\u00bb1_2,1_2&#8243; use_custom_gutter=\u00bbon\u00bb gutter_width=\u00bb1&#8243; make_equal=\u00bbon\u00bb _builder_version=\u00bb4.6.5&#8243; _module_preset=\u00bbdefault\u00bb custom_padding=\u00bb0px||0px|||\u00bb global_colors_info=\u00bb{}\u00bb][et_pb_column type=\u00bb1_2&#8243; _builder_version=\u00bb4.6.2&#8243; _module_preset=\u00bbdefault\u00bb global_colors_info=\u00bb{}\u00bb][\/et_pb_column][et_pb_column type=\u00bb1_2&#8243; _builder_version=\u00bb4.6.5&#8243; _module_preset=\u00bbdefault\u00bb background_color=\u00bb#ffffff\u00bb custom_padding=\u00bb40px|20px|40px|20px|true|true\u00bb global_colors_info=\u00bb{}\u00bb][et_pb_text _builder_version=\u00bb4.14.7&#8243; _module_preset=\u00bbdefault\u00bb text_text_color=\u00bb#E02B20&#8243; header_2_font=\u00bb|700|||||||\u00bb header_2_text_color=\u00bb#f9c229&#8243; header_2_font_size=\u00bb36px\u00bb header_2_letter_spacing=\u00bb4px\u00bb header_2_line_height=\u00bb1.2em\u00bb text_orientation=\u00bbcenter\u00bb header_2_font_size_tablet=\u00bb26px\u00bb header_2_font_size_phone=\u00bb20px\u00bb header_2_font_size_last_edited=\u00bbon|phone\u00bb global_colors_info=\u00bb{}\u00bb]<\/p>\n<h2><span style=\"color: #ff0000;\">(601) 321 7447<\/span><\/h2>\n<p>[\/et_pb_text][\/et_pb_column][\/et_pb_row][\/et_pb_section][et_pb_section fb_built=\u00bb1&#8243; admin_label=\u00bbContact Form\u00bb _builder_version=\u00bb4.6.5&#8243; _module_preset=\u00bbdefault\u00bb custom_padding=\u00bb0px|||||\u00bb global_colors_info=\u00bb{}\u00bb][et_pb_row column_structure=\u00bb1_2,1_2&#8243; use_custom_gutter=\u00bbon\u00bb gutter_width=\u00bb1&#8243; make_equal=\u00bbon\u00bb _builder_version=\u00bb4.6.5&#8243; _module_preset=\u00bbdefault\u00bb custom_padding=\u00bb0px||0px|||\u00bb global_colors_info=\u00bb{}\u00bb][et_pb_column type=\u00bb1_2&#8243; _builder_version=\u00bb4.6.5&#8243; _module_preset=\u00bbdefault\u00bb custom_padding=\u00bb40px|80px|||false|false\u00bb custom_padding_tablet=\u00bb0px|0px|60px||false|false\u00bb custom_padding_phone=\u00bb||30px||false|false\u00bb custom_padding_last_edited=\u00bbon|phone\u00bb global_colors_info=\u00bb{}\u00bb][et_pb_text _builder_version=\u00bb4.14.7&#8243; _module_preset=\u00bbdefault\u00bb text_font_size=\u00bb16px\u00bb text_line_height=\u00bb2em\u00bb header_2_font=\u00bbCovered By Your Grace||||||||\u00bb header_2_font_size=\u00bb75px\u00bb header_2_letter_spacing=\u00bb5px\u00bb header_2_line_height=\u00bb1.2em\u00bb custom_margin=\u00bb79px|-26px||||\u00bb hover_enabled=\u00bb0&#8243; text_font_size_tablet=\u00bb14px\u00bb text_font_size_phone=\u00bb\u00bb text_font_size_last_edited=\u00bbon|tablet\u00bb header_2_font_size_tablet=\u00bb45px\u00bb header_2_font_size_phone=\u00bb35px\u00bb header_2_font_size_last_edited=\u00bbon|phone\u00bb locked=\u00bboff\u00bb global_colors_info=\u00bb{}\u00bb sticky_enabled=\u00bb0&#8243;]<\/p>\n<h2><\/h2>\n<p style=\"text-align: justify;\">Nuestra ubicaci\u00f3n es en la Calle 69a # 10 &#8211; 23<br \/><strong>Barrio Quinta Camacho, Bogot\u00e1<br \/><\/strong><br \/>Horarios: Lun &#8211; Mie 11:45 am a 9:00 pm \/ Jue 11:45 am a 9:30 pm Vie &#8211; S\u00e1b 11:45 am a 10:30 pm \/ Dom &#8211; Fes 11:45 am a 5:30 pm<\/p>\n<p>[\/et_pb_text][\/et_pb_column][et_pb_column type=\u00bb1_2&#8243; _builder_version=\u00bb4.6.3&#8243; _module_preset=\u00bbdefault\u00bb global_colors_info=\u00bb{}\u00bb][et_pb_map address=\u00bbCl. 69a #10 23, Bogot\u00e1, Cundinamarca, Colombia\u00bb zoom_level=\u00bb16&#8243; address_lat=\u00bb4.6538279&#8243; address_lng=\u00bb-74.0598853&#8243; mouse_wheel=\u00bboff\u00bb _builder_version=\u00bb4.14.7&#8243; _module_preset=\u00bbdefault\u00bb locked=\u00bboff\u00bb global_colors_info=\u00bb{}\u00bb][et_pb_map_pin pin_address=\u00bbCl. 69a #10 23, Bogot\u00e1, Cundinamarca, Colombia\u00bb pin_address_lat=\u00bb4.6538279&#8243; pin_address_lng=\u00bb-74.0598853&#8243; _builder_version=\u00bb4.14.7&#8243; _module_preset=\u00bbdefault\u00bb global_colors_info=\u00bb{}\u00bb][\/et_pb_map_pin][\/et_pb_map][\/et_pb_column][\/et_pb_row][\/et_pb_section]<\/p>\n","protected":false},"excerpt":{"rendered":"<p>Cont\u00e1ctenos(601) 321 7447 Nuestra ubicaci\u00f3n es en la Calle 69a # 10 &#8211; 23Barrio Quinta Camacho, Bogot\u00e1Horarios: Lun &#8211; Mie 11:45 am a 9:00 pm \/ Jue 11:45 am a 9:30 pm Vie &#8211; S\u00e1b 11:45 am a 10:30 pm \/ Dom &#8211; Fes 11:45 am a 5:30 pm<\/p>\n","protected":false},"author":1,"featured_media":0,"parent":0,"menu_order":0,"comment_status":"closed","ping_status":"closed","template":"","meta":{"_et_pb_use_builder":"on","_et_pb_old_content":"","_et_gb_content_width":"","footnotes":""},"class_list":["post-126","page","type-page","status-publish","hentry"],"_links":{"self":[{"href":"https:\/\/www.restauranteelboliche.com\/restaurantes\/wp-json\/wp\/v2\/pages\/126","targetHints":{"allow":["GET"]}}],"collection":[{"href":"https:\/\/www.restauranteelboliche.com\/restaurantes\/wp-json\/wp\/v2\/pages"}],"about":[{"href":"https:\/\/www.restauranteelboliche.com\/restaurantes\/wp-json\/wp\/v2\/types\/page"}],"author":[{"embeddable":true,"href":"https:\/\/www.restauranteelboliche.com\/restaurantes\/wp-json\/wp\/v2\/users\/1"}],"replies":[{"embeddable":true,"href":"https:\/\/www.restauranteelboliche.com\/restaurantes\/wp-json\/wp\/v2\/comments?post=126"}],"version-history":[{"count":15,"href":"https:\/\/www.restauranteelboliche.com\/restaurantes\/wp-json\/wp\/v2\/pages\/126\/revisions"}],"predecessor-version":[{"id":4279,"href":"https:\/\/www.restauranteelboliche.com\/restaurantes\/wp-json\/wp\/v2\/pages\/126\/revisions\/4279"}],"wp:attachment":[{"href":"https:\/\/www.restauranteelboliche.com\/restaurantes\/wp-json\/wp\/v2\/media?parent=126"}],"curies":[{"name":"wp","href":"https:\/\/api.w.org\/{rel}","templated":true}]}}