{"id":118,"date":"2022-02-10T06:08:31","date_gmt":"2022-02-10T11:08:31","guid":{"rendered":"https:\/\/www.restauranteelboliche.com\/restaurantes\/?page_id=118"},"modified":"2022-02-13T17:01:03","modified_gmt":"2022-02-13T22:01:03","slug":"blog","status":"publish","type":"page","link":"https:\/\/www.restauranteelboliche.com\/restaurantes\/blog\/","title":{"rendered":"Blog"},"content":{"rendered":"<p>[et_pb_section fb_built=\u00bb1&#8243; admin_label=\u00bbHeader\u00bb _builder_version=\u00bb4.14.7&#8243; _module_preset=\u00bbdefault\u00bb background_image=\u00bbhttps:\/\/www.restauranteelboliche.com\/restaurantes\/wp-content\/uploads\/2022\/02\/entradas2-min.jpg\u00bb custom_padding=\u00bb||0px|||\u00bb locked=\u00bboff\u00bb global_colors_info=\u00bb{}\u00bb][et_pb_row _builder_version=\u00bb4.6.2&#8243; _module_preset=\u00bbdefault\u00bb custom_padding=\u00bb76px|||||\u00bb global_colors_info=\u00bb{}\u00bb][et_pb_column type=\u00bb4_4&#8243; _builder_version=\u00bb4.6.2&#8243; _module_preset=\u00bbdefault\u00bb global_colors_info=\u00bb{}\u00bb][et_pb_text _builder_version=\u00bb4.14.7&#8243; _module_preset=\u00bbdefault\u00bb text_font=\u00bbAlex Brush|800|||||||\u00bb text_text_color=\u00bb#FFFFFF\u00bb text_font_size=\u00bb71px\u00bb header_2_font=\u00bbMontserrat|700||on|||||\u00bb header_2_font_size=\u00bb35px\u00bb header_2_letter_spacing=\u00bb0.1em\u00bb header_2_line_height=\u00bb1.5em\u00bb background_layout=\u00bbdark\u00bb header_2_font_size_tablet=\u00bb18px\u00bb header_2_font_size_phone=\u00bb16px\u00bb header_2_font_size_last_edited=\u00bbon|desktop\u00bb locked=\u00bboff\u00bb global_colors_info=\u00bb{}\u00bb]<\/p>\n<p class=\"ekit-heading--;\"><span>Nuestro blog<\/span><\/p>\n<div class=\"ekit-heading__description\"><\/div>\n<p>[\/et_pb_text][\/et_pb_column][\/et_pb_row][et_pb_row column_structure=\u00bb1_3,1_3,1_3&#8243; use_custom_gutter=\u00bbon\u00bb gutter_width=\u00bb1&#8243; make_equal=\u00bbon\u00bb _builder_version=\u00bb4.14.7&#8243; _module_preset=\u00bbdefault\u00bb custom_padding=\u00bb||0px||false|false\u00bb locked=\u00bboff\u00bb global_colors_info=\u00bb{}\u00bb][et_pb_column type=\u00bb1_3&#8243; _builder_version=\u00bb4.6.5&#8243; _module_preset=\u00bbdefault\u00bb global_colors_info=\u00bb{}\u00bb][\/et_pb_column][et_pb_column type=\u00bb1_3&#8243; _builder_version=\u00bb4.14.7&#8243; _module_preset=\u00bbdefault\u00bb background_color=\u00bb#E02B20&#8243; custom_padding=\u00bb30px|30px|0px|30px|false|true\u00bb custom_padding_last_edited=\u00bboff|desktop\u00bb global_colors_info=\u00bb{}\u00bb][et_pb_blog posts_number=\u00bb1&#8243; include_categories=\u00bb14&#8243; show_thumbnail=\u00bboff\u00bb use_manual_excerpt=\u00bboff\u00bb excerpt_length=\u00bb160&#8243; show_author=\u00bboff\u00bb show_date=\u00bboff\u00bb show_categories=\u00bboff\u00bb show_pagination=\u00bboff\u00bb _builder_version=\u00bb4.14.7&#8243; _module_preset=\u00bbdefault\u00bb header_font=\u00bb|700|||||||\u00bb header_text_color=\u00bb#FFFFFF\u00bb header_font_size=\u00bb16px\u00bb header_line_height=\u00bb1.3em\u00bb body_text_color=\u00bb#FFFFFF\u00bb body_line_height=\u00bb2em\u00bb background_color=\u00bbrgba(0,0,0,0)\u00bb hover_enabled=\u00bb0&#8243; body_font_size_tablet=\u00bb14px\u00bb body_font_size_last_edited=\u00bboff|desktop\u00bb border_width_all=\u00bb0px\u00bb border_color_all=\u00bbrgba(0,0,0,0)\u00bb locked=\u00bboff\u00bb global_colors_info=\u00bb{}\u00bb sticky_enabled=\u00bb0&#8243;][\/et_pb_blog][\/et_pb_column][et_pb_column type=\u00bb1_3&#8243; _builder_version=\u00bb4.6.5&#8243; _module_preset=\u00bbdefault\u00bb background_color=\u00bb#000000&#8243; custom_padding=\u00bb30px|30px|0px|30px|false|true\u00bb global_colors_info=\u00bb{}\u00bb][et_pb_blog posts_number=\u00bb1&#8243; include_categories=\u00bb94&#8243; show_thumbnail=\u00bboff\u00bb use_manual_excerpt=\u00bboff\u00bb excerpt_length=\u00bb160&#8243; show_author=\u00bboff\u00bb show_date=\u00bboff\u00bb show_categories=\u00bboff\u00bb show_pagination=\u00bboff\u00bb _builder_version=\u00bb4.14.7&#8243; _module_preset=\u00bbdefault\u00bb header_font=\u00bb|700|||||||\u00bb header_font_size=\u00bb16px\u00bb header_line_height=\u00bb1.3em\u00bb body_line_height=\u00bb2em\u00bb background_color=\u00bbrgba(0,0,0,0)\u00bb background_layout=\u00bbdark\u00bb border_width_all=\u00bb0px\u00bb border_color_all=\u00bbrgba(0,0,0,0)\u00bb locked=\u00bboff\u00bb global_colors_info=\u00bb{}\u00bb][\/et_pb_blog][\/et_pb_column][\/et_pb_row][\/et_pb_section][et_pb_section fb_built=\u00bb1&#8243; admin_label=\u00bbBlog\u00bb _builder_version=\u00bb4.6.5&#8243; background_enable_color=\u00bboff\u00bb locked=\u00bboff\u00bb global_colors_info=\u00bb{}\u00bb][et_pb_row column_structure=\u00bb2_3,1_3&#8243; use_custom_gutter=\u00bbon\u00bb gutter_width=\u00bb2&#8243; _builder_version=\u00bb4.6.3&#8243; global_colors_info=\u00bb{}\u00bb][et_pb_column type=\u00bb2_3&#8243; _builder_version=\u00bb4.6.3&#8243; background_enable_color=\u00bboff\u00bb global_colors_info=\u00bb{}\u00bb][et_pb_post_slider posts_number=\u00bb3&#8243; include_categories=\u00bb4&#8243; more_text=\u00bbVer m\u00e1s \u00bb show_meta=\u00bboff\u00bb bg_overlay_color=\u00bb#eeebe3&#8243; use_text_overlay=\u00bboff\u00bb arrows_custom_color=\u00bb#000000&#8243; dot_nav_custom_color=\u00bb#000000&#8243; _builder_version=\u00bb4.14.7&#8243; header_font=\u00bbAlex Brush||||||||\u00bb header_font_size=\u00bb56px\u00bb header_letter_spacing=\u00bb2px\u00bb header_line_height=\u00bb1.2em\u00bb body_font_size=\u00bb16px\u00bb body_line_height=\u00bb2em\u00bb meta_font=\u00bb|700||on|||||\u00bb meta_font_size=\u00bb14px\u00bb meta_letter_spacing=\u00bb3px\u00bb meta_line_height=\u00bb1.8em\u00bb background_enable_color=\u00bboff\u00bb background_enable_image=\u00bboff\u00bb custom_button=\u00bbon\u00bb button_text_size=\u00bb14px\u00bb button_text_color=\u00bb#2b343b\u00bb button_bg_color=\u00bbrgba(0,0,0,0)\u00bb button_border_width=\u00bb0px\u00bb button_border_radius=\u00bb0px\u00bb button_letter_spacing=\u00bb4px\u00bb button_font=\u00bb|700||on|||||\u00bb background_layout=\u00bblight\u00bb header_font_size_tablet=\u00bb40px\u00bb header_font_size_phone=\u00bb30px\u00bb header_font_size_last_edited=\u00bbon|desktop\u00bb body_font_size_tablet=\u00bb14px\u00bb body_font_size_phone=\u00bb\u00bb body_font_size_last_edited=\u00bbon|desktop\u00bb global_colors_info=\u00bb{}\u00bb][\/et_pb_post_slider][\/et_pb_column][et_pb_column type=\u00bb1_3&#8243; _builder_version=\u00bb4.5.1&#8243; global_colors_info=\u00bb{}\u00bb][et_pb_blog posts_number=\u00bb4&#8243; include_categories=\u00bb7&#8243; show_thumbnail=\u00bboff\u00bb use_manual_excerpt=\u00bboff\u00bb excerpt_length=\u00bb80&#8243; show_author=\u00bboff\u00bb show_date=\u00bboff\u00bb show_categories=\u00bboff\u00bb show_pagination=\u00bboff\u00bb use_overlay=\u00bbon\u00bb overlay_icon_color=\u00bb#000000&#8243; _builder_version=\u00bb4.6.5&#8243; header_font=\u00bb|700|||||||\u00bb header_font_size=\u00bb13px\u00bb header_line_height=\u00bb1.3em\u00bb body_line_height=\u00bb2em\u00bb meta_font=\u00bb|700|||||||\u00bb meta_font_size=\u00bb16px\u00bb meta_line_height=\u00bb1.8em\u00bb pagination_font=\u00bbMontserrat|800|||||||\u00bb pagination_text_color=\u00bb#1b123d\u00bb pagination_font_size=\u00bb24px\u00bb pagination_line_height=\u00bb1.8em\u00bb background_enable_color=\u00bboff\u00bb link_option_url=\u00bb#\u00bb body_font_size_tablet=\u00bb14px\u00bb body_font_size_last_edited=\u00bboff|desktop\u00bb meta_font_size_tablet=\u00bb14px\u00bb meta_font_size_phone=\u00bb\u00bb meta_font_size_last_edited=\u00bbon|phone\u00bb pagination_font_size_tablet=\u00bb20px\u00bb pagination_font_size_phone=\u00bb16px\u00bb pagination_font_size_last_edited=\u00bbon|phone\u00bb custom_css_content=\u00bbmargin-bottom: -20px;\u00bb border_width_all=\u00bb0px\u00bb locked=\u00bboff\u00bb global_colors_info=\u00bb{}\u00bb][\/et_pb_blog][\/et_pb_column][\/et_pb_row][et_pb_row use_custom_gutter=\u00bbon\u00bb gutter_width=\u00bb2&#8243; _builder_version=\u00bb4.5.1&#8243; background_enable_color=\u00bboff\u00bb custom_padding=\u00bb0px|||||\u00bb locked=\u00bboff\u00bb global_colors_info=\u00bb{}\u00bb][et_pb_column type=\u00bb4_4&#8243; _builder_version=\u00bb4.4.8&#8243; background_enable_color=\u00bboff\u00bb global_colors_info=\u00bb{}\u00bb][et_pb_blog fullwidth=\u00bboff\u00bb posts_number=\u00bb6&#8243; include_categories=\u00bb3&#8243; use_manual_excerpt=\u00bboff\u00bb show_author=\u00bboff\u00bb show_date=\u00bboff\u00bb show_categories=\u00bboff\u00bb use_overlay=\u00bbon\u00bb overlay_icon_color=\u00bb#000000&#8243; masonry_tile_background_color=\u00bbrgba(0,0,0,0)\u00bb _builder_version=\u00bb4.14.7&#8243; header_font=\u00bb|700|||||||\u00bb header_font_size=\u00bb16px\u00bb header_line_height=\u00bb1.3em\u00bb body_line_height=\u00bb2em\u00bb meta_font=\u00bb|700|||||||\u00bb meta_font_size=\u00bb16px\u00bb meta_line_height=\u00bb1.8em\u00bb pagination_font=\u00bbAlex Brush||||||||\u00bb pagination_text_color=\u00bb#1b123d\u00bb pagination_font_size=\u00bb30px\u00bb pagination_letter_spacing=\u00bb3px\u00bb pagination_line_height=\u00bb2em\u00bb background_enable_color=\u00bboff\u00bb link_option_url=\u00bb#\u00bb body_font_size_tablet=\u00bb14px\u00bb body_font_size_last_edited=\u00bboff|desktop\u00bb meta_font_size_tablet=\u00bb14px\u00bb meta_font_size_phone=\u00bb\u00bb meta_font_size_last_edited=\u00bbon|phone\u00bb pagination_font_size_tablet=\u00bb24px\u00bb pagination_font_size_phone=\u00bb16px\u00bb pagination_font_size_last_edited=\u00bbon|phone\u00bb border_width_all=\u00bb0px\u00bb global_colors_info=\u00bb{}\u00bb][\/et_pb_blog][\/et_pb_column][\/et_pb_row][\/et_pb_section][et_pb_section fb_built=\u00bb1&#8243; admin_label=\u00bbSubscribe\u00bb _builder_version=\u00bb4.6.3&#8243; _module_preset=\u00bbdefault\u00bb global_colors_info=\u00bb{}\u00bb][et_pb_row _builder_version=\u00bb4.6.5&#8243; _module_preset=\u00bbdefault\u00bb use_background_color_gradient=\u00bbon\u00bb background_color_gradient_start=\u00bbrgba(0,0,0,0)\u00bb background_color_gradient_end=\u00bb#000000&#8243; background_color_gradient_overlays_image=\u00bbon\u00bb background_image=\u00bbhttps:\/\/www.restauranteelboliche.com\/restaurantes\/wp-content\/uploads\/2022\/02\/pasta_15.jpg\u00bb custom_margin=\u00bb6%||||false|false\u00bb custom_margin_last_edited=\u00bboff|desktop\u00bb custom_padding=\u00bb60px|20px|80px|20px|false|true\u00bb global_colors_info=\u00bb{}\u00bb][et_pb_column type=\u00bb4_4&#8243; _builder_version=\u00bb4.6.3&#8243; _module_preset=\u00bbdefault\u00bb global_colors_info=\u00bb{}\u00bb][et_pb_image src=\u00bbhttps:\/\/www.restauranteelboliche.com\/restaurantes\/wp-content\/uploads\/2022\/02\/pasta_45.jpg\u00bb title_text=\u00bbpasta_45&#8243; align=\u00bbcenter\u00bb _builder_version=\u00bb4.6.5&#8243; _module_preset=\u00bbdefault\u00bb width=\u00bb40%\u00bb custom_margin=\u00bb-25%||||false|false\u00bb scroll_rotating_enable=\u00bbon\u00bb scroll_rotating=\u00bb0|50|50|100|20\u00b0|0|-20\u00b0\u00bb border_radii=\u00bbon|100%|100%|100%|100%\u00bb global_colors_info=\u00bb{}\u00bb][\/et_pb_image][et_pb_text _builder_version=\u00bb4.14.7&#8243; _module_preset=\u00bbdefault\u00bb text_font=\u00bbAlex Brush||||||||\u00bb text_font_size=\u00bb63px\u00bb text_line_height=\u00bb2em\u00bb header_2_font=\u00bbCovered By Your Grace||||||||\u00bb header_2_font_size=\u00bb75px\u00bb header_2_letter_spacing=\u00bb5px\u00bb header_2_line_height=\u00bb1.2em\u00bb text_orientation=\u00bbcenter\u00bb background_layout=\u00bbdark\u00bb custom_margin=\u00bb||-10px|||\u00bb text_font_size_tablet=\u00bb14px\u00bb text_font_size_phone=\u00bb\u00bb text_font_size_last_edited=\u00bbon|tablet\u00bb header_2_font_size_tablet=\u00bb45px\u00bb header_2_font_size_phone=\u00bb35px\u00bb header_2_font_size_last_edited=\u00bbon|phone\u00bb locked=\u00bboff\u00bb global_colors_info=\u00bb{}\u00bb]<\/p>\n<p>\u00danete para tu cumplea\u00f1os<\/p>\n<p>[\/et_pb_text][et_pb_text _builder_version=\u00bb4.14.7&#8243; _module_preset=\u00bbdefault\u00bb text_font=\u00bb||||||||\u00bb text_font_size=\u00bb18px\u00bb text_line_height=\u00bb2em\u00bb header_2_font=\u00bbCovered By Your Grace||||||||\u00bb header_2_font_size=\u00bb75px\u00bb header_2_letter_spacing=\u00bb5px\u00bb header_2_line_height=\u00bb1.2em\u00bb text_orientation=\u00bbcenter\u00bb background_layout=\u00bbdark\u00bb text_font_size_tablet=\u00bb14px\u00bb text_font_size_phone=\u00bb\u00bb text_font_size_last_edited=\u00bbon|tablet\u00bb header_2_font_size_tablet=\u00bb45px\u00bb header_2_font_size_phone=\u00bb35px\u00bb header_2_font_size_last_edited=\u00bbon|phone\u00bb locked=\u00bboff\u00bb global_colors_info=\u00bb{}\u00bb]<\/p>\n<p>Despu\u00e9s de unirte a nuestra comunidad y seguirnos en redes sociales puedes visitarnos el d\u00eda de tu cumplea\u00f1os en compa\u00f1\u00eda de cuatro amigos y El Boliche Quinta Camacho te obsequiara tu plato.<\/p>\n<p>[\/et_pb_text][et_pb_signup mailchimp_list=\u00bbelegantthemestest|1ea2bbd026&#8243; layout=\u00bbtop_bottom\u00bb first_name_field=\u00bboff\u00bb last_name_field=\u00bboff\u00bb _builder_version=\u00bb4.14.7&#8243; _module_preset=\u00bbdefault\u00bb form_field_background_color=\u00bbrgba(0,0,0,0)\u00bb form_field_text_color=\u00bb#ffffff\u00bb header_font=\u00bbCovered By Your Grace||||||||\u00bb header_font_size=\u00bb80px\u00bb header_letter_spacing=\u00bb5px\u00bb header_line_height=\u00bb1.2em\u00bb form_field_font=\u00bb|700||on|||||\u00bb form_field_font_size=\u00bb14px\u00bb form_field_letter_spacing=\u00bb3px\u00bb form_field_line_height=\u00bb2em\u00bb use_background_color=\u00bboff\u00bb custom_button=\u00bbon\u00bb button_text_size=\u00bb14px\u00bb button_text_color=\u00bb#000000&#8243; button_bg_color=\u00bb#ffffff\u00bb button_border_width=\u00bb0px\u00bb button_border_radius=\u00bb0px\u00bb button_letter_spacing=\u00bb3px\u00bb button_font=\u00bb|700||on|||||\u00bb button_custom_padding=\u00bb20px|20px|20px|20px|true|true\u00bb text_orientation=\u00bbcenter\u00bb width=\u00bb600px\u00bb width_tablet=\u00bb400px\u00bb width_phone=\u00bb300px\u00bb width_last_edited=\u00bbon|tablet\u00bb module_alignment=\u00bbcenter\u00bb header_font_size_tablet=\u00bb60px\u00bb header_font_size_phone=\u00bb40px\u00bb header_font_size_last_edited=\u00bbon|phone\u00bb border_radii_fields=\u00bbon|0px|0px|0px|0px\u00bb border_width_bottom_fields=\u00bb2px\u00bb border_color_bottom_fields=\u00bb#ffffff\u00bb locked=\u00bboff\u00bb global_colors_info=\u00bb{}\u00bb][\/et_pb_signup][\/et_pb_column][\/et_pb_row][\/et_pb_section]<\/p>\n","protected":false},"excerpt":{"rendered":"<p>Nuestro blog \u00danete para tu cumplea\u00f1osDespu\u00e9s de unirte a nuestra comunidad y seguirnos en redes sociales puedes visitarnos el d\u00eda de tu cumplea\u00f1os en compa\u00f1\u00eda de cuatro amigos y El Boliche Quinta Camacho te obsequiara tu plato.<\/p>\n","protected":false},"author":1,"featured_media":0,"parent":0,"menu_order":0,"comment_status":"closed","ping_status":"closed","template":"","meta":{"_et_pb_use_builder":"on","_et_pb_old_content":"","_et_gb_content_width":"","footnotes":""},"class_list":["post-118","page","type-page","status-publish","hentry"],"_links":{"self":[{"href":"https:\/\/www.restauranteelboliche.com\/restaurantes\/wp-json\/wp\/v2\/pages\/118","targetHints":{"allow":["GET"]}}],"collection":[{"href":"https:\/\/www.restauranteelboliche.com\/restaurantes\/wp-json\/wp\/v2\/pages"}],"about":[{"href":"https:\/\/www.restauranteelboliche.com\/restaurantes\/wp-json\/wp\/v2\/types\/page"}],"author":[{"embeddable":true,"href":"https:\/\/www.restauranteelboliche.com\/restaurantes\/wp-json\/wp\/v2\/users\/1"}],"replies":[{"embeddable":true,"href":"https:\/\/www.restauranteelboliche.com\/restaurantes\/wp-json\/wp\/v2\/comments?post=118"}],"version-history":[{"count":8,"href":"https:\/\/www.restauranteelboliche.com\/restaurantes\/wp-json\/wp\/v2\/pages\/118\/revisions"}],"predecessor-version":[{"id":4259,"href":"https:\/\/www.restauranteelboliche.com\/restaurantes\/wp-json\/wp\/v2\/pages\/118\/revisions\/4259"}],"wp:attachment":[{"href":"https:\/\/www.restauranteelboliche.com\/restaurantes\/wp-json\/wp\/v2\/media?parent=118"}],"curies":[{"name":"wp","href":"https:\/\/api.w.org\/{rel}","templated":true}]}}